{"id":292,"date":"2025-09-24T13:56:41","date_gmt":"2025-09-24T13:56:41","guid":{"rendered":"https:\/\/demo3.aftabjaved.com\/?page_id=292"},"modified":"2026-01-06T17:00:23","modified_gmt":"2026-01-06T17:00:23","slug":"impressum","status":"publish","type":"page","link":"https:\/\/demo3.aftabjaved.com\/?page_id=292","title":{"rendered":"Impressum"},"content":{"rendered":"\t\t<div data-elementor-type=\"wp-page\" data-elementor-id=\"292\" class=\"elementor elementor-292\" data-elementor-post-type=\"page\">\n\t\t\t\t\t\t<section class=\"elementor-section elementor-top-section elementor-element elementor-element-1465f792 elementor-section-boxed elementor-section-height-default elementor-section-height-default\" data-id=\"1465f792\" data-element_type=\"section\">\n\t\t\t\t\t\t<div class=\"elementor-container elementor-column-gap-default\">\n\t\t\t\t\t<div class=\"elementor-column elementor-col-100 elementor-top-column elementor-element elementor-element-2c7956d9\" data-id=\"2c7956d9\" data-element_type=\"column\">\n\t\t\t<div class=\"elementor-widget-wrap elementor-element-populated\">\n\t\t\t\t\t\t<div class=\"elementor-element elementor-element-7057264e elementor-widget-divider--view-line elementor-invisible elementor-widget elementor-widget-divider\" data-id=\"7057264e\" data-element_type=\"widget\" data-settings=\"{&quot;_animation&quot;:&quot;fadeIn&quot;}\" data-widget_type=\"divider.default\">\n\t\t\t\t\t\t\t<div class=\"elementor-divider\">\n\t\t\t<span class=\"elementor-divider-separator\">\n\t\t\t\t\t\t<\/span>\n\t\t<\/div>\n\t\t\t\t\t\t<\/div>\n\t\t\t\t\t<\/div>\n\t\t<\/div>\n\t\t\t\t\t<\/div>\n\t\t<\/section>\n\t\t\t\t<section class=\"elementor-section elementor-top-section elementor-element elementor-element-2afaf77a elementor-section-boxed elementor-section-height-default elementor-section-height-default\" data-id=\"2afaf77a\" data-element_type=\"section\">\n\t\t\t\t\t\t<div class=\"elementor-container elementor-column-gap-default\">\n\t\t\t\t\t<div class=\"elementor-column elementor-col-100 elementor-top-column elementor-element elementor-element-123439ad\" data-id=\"123439ad\" data-element_type=\"column\">\n\t\t\t<div class=\"elementor-widget-wrap elementor-element-populated\">\n\t\t\t\t\t\t<div class=\"elementor-element elementor-element-2bda0889 elementor-icon-list--layout-inline elementor-list-item-link-inline elementor-invisible elementor-widget elementor-widget-icon-list\" data-id=\"2bda0889\" data-element_type=\"widget\" data-settings=\"{&quot;_animation&quot;:&quot;fadeInUp&quot;}\" data-widget_type=\"icon-list.default\">\n\t\t\t\t\t\t\t<ul class=\"elementor-icon-list-items elementor-inline-items\">\n\t\t\t\t\t\t\t<li class=\"elementor-icon-list-item elementor-inline-item\">\n\t\t\t\t\t\t\t\t\t\t\t<span class=\"elementor-icon-list-icon\">\n\t\t\t\t\t\t\t<i aria-hidden=\"true\" class=\"icon icon-leaf\"><\/i>\t\t\t\t\t\t<\/span>\n\t\t\t\t\t\t\t\t\t\t<span class=\"elementor-icon-list-text\">Rechtliches<\/span>\n\t\t\t\t\t\t\t\t\t<\/li>\n\t\t\t\t\t\t<\/ul>\n\t\t\t\t\t\t<\/div>\n\t\t\t\t<div class=\"elementor-element elementor-element-2392f531 elementor-invisible elementor-widget elementor-widget-heading\" data-id=\"2392f531\" data-element_type=\"widget\" data-settings=\"{&quot;_animation&quot;:&quot;fadeInUp&quot;}\" data-widget_type=\"heading.default\">\n\t\t\t\t\t<h2 class=\"elementor-heading-title elementor-size-default\">Impressum<\/h2>\t\t\t\t<\/div>\n\t\t\t\t<div class=\"elementor-element elementor-element-6a532997 elementor-invisible elementor-widget elementor-widget-text-editor\" data-id=\"6a532997\" data-element_type=\"widget\" data-settings=\"{&quot;_animation&quot;:&quot;fadeInUp&quot;}\" data-widget_type=\"text-editor.default\">\n\t\t\t\t\t\t\t\t\t<p><strong>Angaben gem\u00e4\u00df \u00a7 5 TMG<\/strong><br \/>G\u00e4rtnerei Haug<br \/>Manfred Haug<br \/>Reinhartshofer Str. 48<br \/>86845 Gro\u00dfaitingen<br \/><br \/><strong>Kontakt<\/strong><br \/>Tel: 0820390140<br \/>Fax: 0820390142<br \/>Mf.Haug@t-online.de<br \/><br \/><strong>Verbraucher\u00adstreit\u00adbeilegung\/Universal\u00adschlichtungs\u00adstelle<\/strong><br \/>Wir sind nicht bereit oder verpflichtet, an Streitbeilegungsverfahren vor einer Verbraucherschlichtungsstelle teilzunehmen.<br \/><br \/><br \/><strong>Design &amp; Programmierung:<\/strong><br \/>apartmedien I Werbeagentur Augsburg &#8211; <a href=\"https:\/\/www.apartmedien.de\" target=\"_blank\" rel=\"noopener\">www.apartmedien.de<\/a><br \/><br \/><br \/><strong>Haftung f\u00fcr Inhalte<\/strong><br \/>Als Diensteanbieter sind wir gem\u00e4\u00df \u00a7 7 Abs.1 TMG f\u00fcr eigene Inhalte auf diesen Seiten nach den allgemeinen Gesetzen verantwortlich. Nach \u00a7\u00a7 8 bis 10 TMG sind wir als Diensteanbieter jedoch nicht verpflichtet, \u00fcbermittelte oder gespeicherte fremde Informationen zu \u00fcberwachen oder nach Umst\u00e4nden zu forschen, die auf eine rechtswidrige T\u00e4tigkeit hinweisen.<\/p><p>Verpflichtungen zur Entfernung oder Sperrung der Nutzung von Informationen nach den allgemeinen Gesetzen bleiben hiervon unber\u00fchrt. Eine diesbez\u00fcgliche Haftung ist jedoch erst ab dem Zeitpunkt der Kenntnis einer konkreten Rechtsverletzung m\u00f6glich. Bei Bekanntwerden von entsprechenden Rechtsverletzungen werden wir diese Inhalte umgehend entfernen.<br \/><br \/><br \/><strong>Haftung f\u00fcr Links<\/strong><br \/>Unser Angebot enth\u00e4lt Links zu externen Webseiten Dritter, auf deren Inhalte wir keinen Einfluss haben. Deshalb k\u00f6nnen wir f\u00fcr diese fremden Inhalte auch keine Gew\u00e4hr \u00fcbernehmen. F\u00fcr die Inhalte der verlinkten Seiten ist stets der jeweilige Anbieter oder Betreiber der Seiten verantwortlich. Die verlinkten Seiten wurden zum Zeitpunkt der Verlinkung auf m\u00f6gliche Rechtsverst\u00f6\u00dfe \u00fcberpr\u00fcft. Rechtswidrige Inhalte waren zum Zeitpunkt der Verlinkung nicht erkennbar.<br \/><br \/><br \/>Eine permanente inhaltliche Kontrolle der verlinkten Seiten ist jedoch ohne konkrete Anhaltspunkte einer Rechtsverletzung nicht zumutbar. Bei Bekanntwerden von Rechtsverletzungen werden wir derartige Links umgehend entfernen.<br \/><br \/><br \/><strong>Urheberrecht<\/strong><br \/>Die durch die Seitenbetreiber erstellten Inhalte und Werke auf diesen Seiten unterliegen dem deutschen Urheberrecht. Die Vervielf\u00e4ltigung, Bearbeitung, Verbreitung und jede Art der Verwertung au\u00dferhalb der Grenzen des Urheberrechtes bed\u00fcrfen der schriftlichen Zustimmung des jeweiligen Autors bzw. Erstellers. Downloads und Kopien dieser Seite sind nur f\u00fcr den privaten, nicht kommerziellen Gebrauch gestattet.<br \/><br \/><br \/>Soweit die Inhalte auf dieser Seite nicht vom Betreiber erstellt wurden, werden die Urheberrechte Dritter beachtet. Insbesondere werden Inhalte Dritter als solche gekennzeichnet. Sollten Sie trotzdem auf eine Urheberrechtsverletzung aufmerksam werden, bitten wir um einen entsprechenden Hinweis. Bei Bekanntwerden von Rechtsverletzungen werden wir derartige Inhalte umgehend entfernen.<br \/><br \/><br \/>F\u00fcr die Inhalte verantwortlich ist Manfred Haug, Anschrift wie oben.<\/p>\t\t\t\t\t\t\t\t<\/div>\n\t\t\t\t\t<\/div>\n\t\t<\/div>\n\t\t\t\t\t<\/div>\n\t\t<\/section>\n\t\t\t\t<\/div>\n\t\t","protected":false},"excerpt":{"rendered":"<p>Rechtliches Impressum Angaben gem\u00e4\u00df \u00a7 5 TMG G\u00e4rtnerei Haug Manfred Haug Reinhartshofer Str. 48 86845 Gro\u00dfaitingen Kontakt Tel: 0820390140 Fax: 0820390142 Mf.Haug@t-online.de Verbraucher\u00adstreit\u00adbeilegung\/Universal\u00adschlichtungs\u00adstelle Wir sind nicht bereit oder verpflichtet, an Streitbeilegungsverfahren vor einer Verbraucherschlichtungsstelle teilzunehmen. Design &amp; Programmierung: apartmedien I Werbeagentur Augsburg &#8211; www.apartmedien.de Haftung f\u00fcr Inhalte Als Diensteanbieter sind wir gem\u00e4\u00df \u00a7 7 Abs.1 [&hellip;]<\/p>\n","protected":false},"author":1,"featured_media":0,"parent":0,"menu_order":0,"comment_status":"closed","ping_status":"closed","template":"elementor_header_footer","meta":{"footnotes":""},"class_list":["post-292","page","type-page","status-publish","hentry"],"yoast_head":"<!-- This site is optimized with the Yoast SEO plugin v26.7 - https:\/\/yoast.com\/wordpress\/plugins\/seo\/ -->\n<title>Impressum - G\u00e4rtnerei Haug Gro\u00dfaitingen<\/title>\n<meta name=\"description\" content=\"G\u00e4rtnerei Haug in Gro\u00dfaitingen \u2013 Familienbetrieb seit 1936. Pflanzen aus eigener Anzucht, Floristik, Grabpflege und pers\u00f6nliche Beratung.\" \/>\n<meta name=\"robots\" content=\"index, follow, max-snippet:-1, max-image-preview:large, max-video-preview:-1\" \/>\n<link rel=\"canonical\" href=\"https:\/\/demo3.aftabjaved.com\/?page_id=292\" \/>\n<meta property=\"og:locale\" content=\"de_DE\" \/>\n<meta property=\"og:type\" content=\"article\" \/>\n<meta property=\"og:title\" content=\"Impressum - G\u00e4rtnerei Haug Gro\u00dfaitingen\" \/>\n<meta property=\"og:description\" content=\"G\u00e4rtnerei Haug in Gro\u00dfaitingen \u2013 Familienbetrieb seit 1936. Pflanzen aus eigener Anzucht, Floristik, Grabpflege und pers\u00f6nliche Beratung.\" \/>\n<meta property=\"og:url\" content=\"https:\/\/demo3.aftabjaved.com\/?page_id=292\" \/>\n<meta property=\"og:site_name\" content=\"G\u00e4rtnerei Haug Gro\u00dfaitingen\" \/>\n<meta property=\"article:modified_time\" content=\"2026-01-06T17:00:23+00:00\" \/>\n<meta name=\"twitter:card\" content=\"summary_large_image\" \/>\n<meta name=\"twitter:label1\" content=\"Gesch\u00e4tzte Lesezeit\" \/>\n\t<meta name=\"twitter:data1\" content=\"2\u00a0Minuten\" \/>\n<script type=\"application\/ld+json\" class=\"yoast-schema-graph\">{\"@context\":\"https:\/\/schema.org\",\"@graph\":[{\"@type\":\"WebPage\",\"@id\":\"https:\/\/demo3.aftabjaved.com\/?page_id=292\",\"url\":\"https:\/\/demo3.aftabjaved.com\/?page_id=292\",\"name\":\"Impressum - G\u00e4rtnerei Haug Gro\u00dfaitingen\",\"isPartOf\":{\"@id\":\"https:\/\/demo3.aftabjaved.com\/#website\"},\"datePublished\":\"2025-09-24T13:56:41+00:00\",\"dateModified\":\"2026-01-06T17:00:23+00:00\",\"description\":\"G\u00e4rtnerei Haug in Gro\u00dfaitingen \u2013 Familienbetrieb seit 1936. Pflanzen aus eigener Anzucht, Floristik, Grabpflege und pers\u00f6nliche Beratung.\",\"breadcrumb\":{\"@id\":\"https:\/\/demo3.aftabjaved.com\/?page_id=292#breadcrumb\"},\"inLanguage\":\"de\",\"potentialAction\":[{\"@type\":\"ReadAction\",\"target\":[\"https:\/\/demo3.aftabjaved.com\/?page_id=292\"]}]},{\"@type\":\"BreadcrumbList\",\"@id\":\"https:\/\/demo3.aftabjaved.com\/?page_id=292#breadcrumb\",\"itemListElement\":[{\"@type\":\"ListItem\",\"position\":1,\"name\":\"Start\",\"item\":\"https:\/\/demo3.aftabjaved.com\/\"},{\"@type\":\"ListItem\",\"position\":2,\"name\":\"Impressum\"}]},{\"@type\":\"WebSite\",\"@id\":\"https:\/\/demo3.aftabjaved.com\/#website\",\"url\":\"https:\/\/demo3.aftabjaved.com\/\",\"name\":\"G\u00e4rtnerei Haug Gro\u00dfaitingen\",\"description\":\"Bl\u00fchende Freude seit 1936\",\"potentialAction\":[{\"@type\":\"SearchAction\",\"target\":{\"@type\":\"EntryPoint\",\"urlTemplate\":\"https:\/\/demo3.aftabjaved.com\/?s={search_term_string}\"},\"query-input\":{\"@type\":\"PropertyValueSpecification\",\"valueRequired\":true,\"valueName\":\"search_term_string\"}}],\"inLanguage\":\"de\"}]}<\/script>\n<!-- \/ Yoast SEO plugin. -->","yoast_head_json":{"title":"Impressum - G\u00e4rtnerei Haug Gro\u00dfaitingen","description":"G\u00e4rtnerei Haug in Gro\u00dfaitingen \u2013 Familienbetrieb seit 1936. Pflanzen aus eigener Anzucht, Floristik, Grabpflege und pers\u00f6nliche Beratung.","robots":{"index":"index","follow":"follow","max-snippet":"max-snippet:-1","max-image-preview":"max-image-preview:large","max-video-preview":"max-video-preview:-1"},"canonical":"https:\/\/demo3.aftabjaved.com\/?page_id=292","og_locale":"de_DE","og_type":"article","og_title":"Impressum - G\u00e4rtnerei Haug Gro\u00dfaitingen","og_description":"G\u00e4rtnerei Haug in Gro\u00dfaitingen \u2013 Familienbetrieb seit 1936. Pflanzen aus eigener Anzucht, Floristik, Grabpflege und pers\u00f6nliche Beratung.","og_url":"https:\/\/demo3.aftabjaved.com\/?page_id=292","og_site_name":"G\u00e4rtnerei Haug Gro\u00dfaitingen","article_modified_time":"2026-01-06T17:00:23+00:00","twitter_card":"summary_large_image","twitter_misc":{"Gesch\u00e4tzte Lesezeit":"2\u00a0Minuten"},"schema":{"@context":"https:\/\/schema.org","@graph":[{"@type":"WebPage","@id":"https:\/\/demo3.aftabjaved.com\/?page_id=292","url":"https:\/\/demo3.aftabjaved.com\/?page_id=292","name":"Impressum - G\u00e4rtnerei Haug Gro\u00dfaitingen","isPartOf":{"@id":"https:\/\/demo3.aftabjaved.com\/#website"},"datePublished":"2025-09-24T13:56:41+00:00","dateModified":"2026-01-06T17:00:23+00:00","description":"G\u00e4rtnerei Haug in Gro\u00dfaitingen \u2013 Familienbetrieb seit 1936. Pflanzen aus eigener Anzucht, Floristik, Grabpflege und pers\u00f6nliche Beratung.","breadcrumb":{"@id":"https:\/\/demo3.aftabjaved.com\/?page_id=292#breadcrumb"},"inLanguage":"de","potentialAction":[{"@type":"ReadAction","target":["https:\/\/demo3.aftabjaved.com\/?page_id=292"]}]},{"@type":"BreadcrumbList","@id":"https:\/\/demo3.aftabjaved.com\/?page_id=292#breadcrumb","itemListElement":[{"@type":"ListItem","position":1,"name":"Start","item":"https:\/\/demo3.aftabjaved.com\/"},{"@type":"ListItem","position":2,"name":"Impressum"}]},{"@type":"WebSite","@id":"https:\/\/demo3.aftabjaved.com\/#website","url":"https:\/\/demo3.aftabjaved.com\/","name":"G\u00e4rtnerei Haug Gro\u00dfaitingen","description":"Bl\u00fchende Freude seit 1936","potentialAction":[{"@type":"SearchAction","target":{"@type":"EntryPoint","urlTemplate":"https:\/\/demo3.aftabjaved.com\/?s={search_term_string}"},"query-input":{"@type":"PropertyValueSpecification","valueRequired":true,"valueName":"search_term_string"}}],"inLanguage":"de"}]}},"_links":{"self":[{"href":"https:\/\/demo3.aftabjaved.com\/index.php?rest_route=\/wp\/v2\/pages\/292","targetHints":{"allow":["GET"]}}],"collection":[{"href":"https:\/\/demo3.aftabjaved.com\/index.php?rest_route=\/wp\/v2\/pages"}],"about":[{"href":"https:\/\/demo3.aftabjaved.com\/index.php?rest_route=\/wp\/v2\/types\/page"}],"author":[{"embeddable":true,"href":"https:\/\/demo3.aftabjaved.com\/index.php?rest_route=\/wp\/v2\/users\/1"}],"replies":[{"embeddable":true,"href":"https:\/\/demo3.aftabjaved.com\/index.php?rest_route=%2Fwp%2Fv2%2Fcomments&post=292"}],"version-history":[{"count":11,"href":"https:\/\/demo3.aftabjaved.com\/index.php?rest_route=\/wp\/v2\/pages\/292\/revisions"}],"predecessor-version":[{"id":483,"href":"https:\/\/demo3.aftabjaved.com\/index.php?rest_route=\/wp\/v2\/pages\/292\/revisions\/483"}],"wp:attachment":[{"href":"https:\/\/demo3.aftabjaved.com\/index.php?rest_route=%2Fwp%2Fv2%2Fmedia&parent=292"}],"curies":[{"name":"wp","href":"https:\/\/api.w.org\/{rel}","templated":true}]}}